{"id":2398,"date":"2026-01-10T19:05:45","date_gmt":"2026-01-10T18:05:45","guid":{"rendered":"https:\/\/uwear.me\/?post_type=product&#038;p=2398"},"modified":"2026-01-10T20:43:46","modified_gmt":"2026-01-10T19:43:46","slug":"sac-a-dos-vanse","status":"publish","type":"product","link":"https:\/\/uwear.me\/ar\/product\/sac-a-dos-vanse\/","title":{"rendered":"Sac \u00e0 dos VANSE"},"content":{"rendered":"<p>Ce sac \u00e0 dos de taille moyenne avec impression all-over offre beaucoup de place gr\u00e2ce \u00e0 une grande poche int\u00e9rieure, une section s\u00e9par\u00e9e pouvant loger un ordinateur portable de 38,1 cm (15 \u00a0\u00bb), une poche avant et une poche dissimul\u00e9e \u00e0 l&rsquo;arri\u00e8re. Ce sac est fabriqu\u00e9 \u00e0 base d&rsquo;un mat\u00e9riau r\u00e9sistant \u00e0 l&rsquo;eau,<\/p>\n<ul>\n<li>100 % polyester<\/li>\n<li>Dimensions : 40cm\u00a0 de Hauteur, 29cm\u00a0 de Longueur, 10 cm\u00a0 de Profondeur<\/li>\n<li>Capacit\u00e9 : 12 L<\/li>\n<li>Poids maximal : 20 kg<\/li>\n<li>Mat\u00e9riau r\u00e9sistant \u00e0 l&rsquo;eau<\/li>\n<li>Grande poche int\u00e9rieure avec poche distincte pour ordinateur portable de 15 \u00ab\u00a0, poche frontale avec fermeture-\u00e9clair et poche dissimul\u00e9e avec fermeture-\u00e9clair au dos du sac<\/li>\n<li>Bretelles de sac ergonomiques matelass\u00e9es en polyester avec r\u00e9gulateurs en plastique<\/li>\n<li>Imprim\u00e9, coup\u00e9 et cousu \u00e0 la main par notre \u00e9quipe interne d&rsquo;experts<\/li>\n<\/ul>\n<p><strong>Remarque<\/strong> : ce produit est une reproduction avec une impression DTF \u00ab\u00a0VANSE\u00a0\u00bb<\/p>","protected":false},"excerpt":{"rendered":"<p>Alliez style et confort avec ce sac \u00e0 dos au design \u00e9pur\u00e9. Compact mais spacieux, il offre un grand compartiment et une poche frontale zipp\u00e9e pour vos essentiels. , il s\u2019adapte \u00e0 toutes les occasions : \u00e9cole, travail, voyages ou sorties.<\/p>\n<p>(Personnalisable selon vos go\u00fbts , Contactez nous sur WhatsApp)<\/p>","protected":false},"featured_media":2406,"comment_status":"open","ping_status":"closed","template":"","meta":[],"product_brand":[],"product_cat":[21],"product_tag":[],"class_list":{"0":"post-2398","1":"product","2":"type-product","3":"status-publish","4":"has-post-thumbnail","6":"product_cat-accessoires","8":"first","9":"instock","10":"shipping-taxable","11":"purchasable","12":"product-type-simple"},"jetpack_sharing_enabled":true,"_links":{"self":[{"href":"https:\/\/uwear.me\/ar\/wp-json\/wp\/v2\/product\/2398","targetHints":{"allow":["GET"]}}],"collection":[{"href":"https:\/\/uwear.me\/ar\/wp-json\/wp\/v2\/product"}],"about":[{"href":"https:\/\/uwear.me\/ar\/wp-json\/wp\/v2\/types\/product"}],"replies":[{"embeddable":true,"href":"https:\/\/uwear.me\/ar\/wp-json\/wp\/v2\/comments?post=2398"}],"version-history":[{"count":4,"href":"https:\/\/uwear.me\/ar\/wp-json\/wp\/v2\/product\/2398\/revisions"}],"predecessor-version":[{"id":2413,"href":"https:\/\/uwear.me\/ar\/wp-json\/wp\/v2\/product\/2398\/revisions\/2413"}],"wp:featuredmedia":[{"embeddable":true,"href":"https:\/\/uwear.me\/ar\/wp-json\/wp\/v2\/media\/2406"}],"wp:attachment":[{"href":"https:\/\/uwear.me\/ar\/wp-json\/wp\/v2\/media?parent=2398"}],"wp:term":[{"taxonomy":"product_brand","embeddable":true,"href":"https:\/\/uwear.me\/ar\/wp-json\/wp\/v2\/product_brand?post=2398"},{"taxonomy":"product_cat","embeddable":true,"href":"https:\/\/uwear.me\/ar\/wp-json\/wp\/v2\/product_cat?post=2398"},{"taxonomy":"product_tag","embeddable":true,"href":"https:\/\/uwear.me\/ar\/wp-json\/wp\/v2\/product_tag?post=2398"}],"curies":[{"name":"wp","href":"https:\/\/api.w.org\/{rel}","templated":true}]}}