{"id":30441,"date":"2026-02-07T17:28:29","date_gmt":"2026-02-07T16:28:29","guid":{"rendered":"https:\/\/uwear.me\/?post_type=product&#038;p=30441"},"modified":"2026-02-07T19:31:27","modified_gmt":"2026-02-07T18:31:27","slug":"pantalon-openleg-regular","status":"publish","type":"product","link":"https:\/\/uwear.me\/ar\/product\/pantalon-openleg-regular\/","title":{"rendered":"Pantalon Openleg Regular"},"content":{"rendered":"<p>Alliez confort et style d\u00e9contract\u00e9 avec ce pantalon de jogging con\u00e7u pour vos moments de d\u00e9tente ou vos activit\u00e9s sportives.<\/p>\n<p>\u2022 Coupe moderne : Open leg pour une aisance maximale<br \/>\n\u2022 Praticit\u00e9 : Cordon de serrage \u00e0 la taille pour un ajustement parfait, poches lat\u00e9rales pour vos essentiels<br \/>\n\u2022 Style d\u00e9contract\u00e9 : Id\u00e9al pour toutes et tous<\/p>","protected":false},"excerpt":{"rendered":"<p>Alliez confort et style d\u00e9contract\u00e9 avec ce pantalon de jogging con\u00e7u pour vos moments de d\u00e9tente ou vos activit\u00e9s sportives.<\/p>","protected":false},"featured_media":30456,"comment_status":"open","ping_status":"closed","template":"","meta":[],"product_brand":[],"product_cat":[35],"product_tag":[],"class_list":{"0":"post-30441","1":"product","2":"type-product","3":"status-publish","4":"has-post-thumbnail","6":"product_cat-pantalons-shorts","8":"first","9":"instock","10":"featured","11":"shipping-taxable","12":"purchasable","13":"product-type-variable"},"jetpack_sharing_enabled":true,"_links":{"self":[{"href":"https:\/\/uwear.me\/ar\/wp-json\/wp\/v2\/product\/30441","targetHints":{"allow":["GET"]}}],"collection":[{"href":"https:\/\/uwear.me\/ar\/wp-json\/wp\/v2\/product"}],"about":[{"href":"https:\/\/uwear.me\/ar\/wp-json\/wp\/v2\/types\/product"}],"replies":[{"embeddable":true,"href":"https:\/\/uwear.me\/ar\/wp-json\/wp\/v2\/comments?post=30441"}],"version-history":[{"count":1,"href":"https:\/\/uwear.me\/ar\/wp-json\/wp\/v2\/product\/30441\/revisions"}],"predecessor-version":[{"id":30457,"href":"https:\/\/uwear.me\/ar\/wp-json\/wp\/v2\/product\/30441\/revisions\/30457"}],"wp:featuredmedia":[{"embeddable":true,"href":"https:\/\/uwear.me\/ar\/wp-json\/wp\/v2\/media\/30456"}],"wp:attachment":[{"href":"https:\/\/uwear.me\/ar\/wp-json\/wp\/v2\/media?parent=30441"}],"wp:term":[{"taxonomy":"product_brand","embeddable":true,"href":"https:\/\/uwear.me\/ar\/wp-json\/wp\/v2\/product_brand?post=30441"},{"taxonomy":"product_cat","embeddable":true,"href":"https:\/\/uwear.me\/ar\/wp-json\/wp\/v2\/product_cat?post=30441"},{"taxonomy":"product_tag","embeddable":true,"href":"https:\/\/uwear.me\/ar\/wp-json\/wp\/v2\/product_tag?post=30441"}],"curies":[{"name":"wp","href":"https:\/\/api.w.org\/{rel}","templated":true}]}}