{"id":30643,"date":"2026-02-13T10:20:14","date_gmt":"2026-02-13T09:20:14","guid":{"rendered":"https:\/\/uwear.me\/?post_type=product&#038;p=30643"},"modified":"2026-02-22T09:29:03","modified_gmt":"2026-02-22T08:29:03","slug":"tote-bag","status":"publish","type":"product","link":"https:\/\/uwear.me\/ar\/product\/tote-bag\/","title":{"rendered":"Tote bag"},"content":{"rendered":"<p>Reste Branch\u00e9. Cr\u00e9ez votre design et mettez-le en valeur sur ce tote bag en serg\u00e9 de coton biologique ! La grande surface d&rsquo;impression et la couleur unie du sac ne manqueront pas de mettre en valeur tous les designs. En plus, le compartiment spacieux convient aux emplettes d&rsquo;\u00e9picerie, aux livres et bien plus encore.<\/p>","protected":false},"excerpt":{"rendered":"<p>Reste dans la tendance. Personnalisez votre tote-bag avec vos designs! animaux pr\u00e9f\u00e9r\u00e9es , des fleurs, des citations &#8230;etc<\/p>\n<p>Envoyez nous vos designs sur WhatsApp et on s&rsquo;occupe du reste<\/p>","protected":false},"featured_media":30648,"comment_status":"open","ping_status":"closed","template":"","meta":[],"product_brand":[],"product_cat":[21],"product_tag":[],"class_list":{"0":"post-30643","1":"product","2":"type-product","3":"status-publish","4":"has-post-thumbnail","6":"product_cat-accessoires","8":"first","9":"instock","10":"shipping-taxable","11":"purchasable","12":"product-type-variable"},"jetpack_sharing_enabled":true,"_links":{"self":[{"href":"https:\/\/uwear.me\/ar\/wp-json\/wp\/v2\/product\/30643","targetHints":{"allow":["GET"]}}],"collection":[{"href":"https:\/\/uwear.me\/ar\/wp-json\/wp\/v2\/product"}],"about":[{"href":"https:\/\/uwear.me\/ar\/wp-json\/wp\/v2\/types\/product"}],"replies":[{"embeddable":true,"href":"https:\/\/uwear.me\/ar\/wp-json\/wp\/v2\/comments?post=30643"}],"version-history":[{"count":4,"href":"https:\/\/uwear.me\/ar\/wp-json\/wp\/v2\/product\/30643\/revisions"}],"predecessor-version":[{"id":30706,"href":"https:\/\/uwear.me\/ar\/wp-json\/wp\/v2\/product\/30643\/revisions\/30706"}],"wp:featuredmedia":[{"embeddable":true,"href":"https:\/\/uwear.me\/ar\/wp-json\/wp\/v2\/media\/30648"}],"wp:attachment":[{"href":"https:\/\/uwear.me\/ar\/wp-json\/wp\/v2\/media?parent=30643"}],"wp:term":[{"taxonomy":"product_brand","embeddable":true,"href":"https:\/\/uwear.me\/ar\/wp-json\/wp\/v2\/product_brand?post=30643"},{"taxonomy":"product_cat","embeddable":true,"href":"https:\/\/uwear.me\/ar\/wp-json\/wp\/v2\/product_cat?post=30643"},{"taxonomy":"product_tag","embeddable":true,"href":"https:\/\/uwear.me\/ar\/wp-json\/wp\/v2\/product_tag?post=30643"}],"curies":[{"name":"wp","href":"https:\/\/api.w.org\/{rel}","templated":true}]}}