{"id":1678,"date":"2025-12-31T22:17:01","date_gmt":"2025-12-31T21:17:01","guid":{"rendered":"https:\/\/uwear.me\/?post_type=product&#038;p=1678"},"modified":"2026-03-07T00:32:30","modified_gmt":"2026-03-06T23:32:30","slug":"hoodie-premium-regular","status":"publish","type":"product","link":"https:\/\/uwear.me\/fr_fr\/produit\/hoodie-premium-regular\/","title":{"rendered":"Hoodie Premium Regular"},"content":{"rendered":"<p>offre un confort quotidien gr\u00e2ce \u00e0 son int\u00e9rieur en molleton doux et sa coupe classique et r\u00e9sistante. Son tissu chaud de poids moyen en fait un choix fiable pour les superpositions par temps frais, tandis que sa surface lisse est parfaite pour l\u2019impression ou la broderie personnalis\u00e9e. Que ce soit pour un usage personnel ou comme produit de marque, ce sweat \u00e0 capuche est un incontournable intemporel.<\/p>\n<ul>\n<li>80 % coton , 20 % polyester<\/li>\n<li>Fil\u00e9 par jet d&rsquo;air pour un toucher doux et une r\u00e9duction des bouloches.<\/li>\n<li>Capuche \u00e0 double doublure avec cordon de serrage assorti<\/li>\n<li>Corps tourn\u00e9 d&rsquo;un quart de tour pour \u00e9viter le pli central<\/li>\n<li>Poignets et ceinture en tricot c\u00f4tel\u00e9 athl\u00e9tique 1&#215;1 avec \u00e9lasthanne<\/li>\n<li>Poche avant<\/li>\n<li>Col, \u00e9paules, emmanchures, poignets et ourlet cousus avec couture double<\/li>\n<\/ul>\n","protected":false},"excerpt":{"rendered":"<p>Que ce soit pour un usage personnel ou comme produit de marque, ce sweat \u00e0 capuche est un incontournable intemporel.<\/p>\n","protected":false},"featured_media":1694,"comment_status":"open","ping_status":"closed","template":"","meta":[],"product_brand":[],"product_cat":[23],"product_tag":[],"class_list":{"0":"post-1678","1":"product","2":"type-product","3":"status-publish","4":"has-post-thumbnail","6":"product_cat-hoodies-sweatshirts","8":"first","9":"instock","10":"shipping-taxable","11":"purchasable","12":"product-type-variable","13":"has-default-attributes"},"jetpack_sharing_enabled":true,"_links":{"self":[{"href":"https:\/\/uwear.me\/fr_fr\/wp-json\/wp\/v2\/product\/1678","targetHints":{"allow":["GET"]}}],"collection":[{"href":"https:\/\/uwear.me\/fr_fr\/wp-json\/wp\/v2\/product"}],"about":[{"href":"https:\/\/uwear.me\/fr_fr\/wp-json\/wp\/v2\/types\/product"}],"replies":[{"embeddable":true,"href":"https:\/\/uwear.me\/fr_fr\/wp-json\/wp\/v2\/comments?post=1678"}],"version-history":[{"count":6,"href":"https:\/\/uwear.me\/fr_fr\/wp-json\/wp\/v2\/product\/1678\/revisions"}],"predecessor-version":[{"id":1846,"href":"https:\/\/uwear.me\/fr_fr\/wp-json\/wp\/v2\/product\/1678\/revisions\/1846"}],"wp:featuredmedia":[{"embeddable":true,"href":"https:\/\/uwear.me\/fr_fr\/wp-json\/wp\/v2\/media\/1694"}],"wp:attachment":[{"href":"https:\/\/uwear.me\/fr_fr\/wp-json\/wp\/v2\/media?parent=1678"}],"wp:term":[{"taxonomy":"product_brand","embeddable":true,"href":"https:\/\/uwear.me\/fr_fr\/wp-json\/wp\/v2\/product_brand?post=1678"},{"taxonomy":"product_cat","embeddable":true,"href":"https:\/\/uwear.me\/fr_fr\/wp-json\/wp\/v2\/product_cat?post=1678"},{"taxonomy":"product_tag","embeddable":true,"href":"https:\/\/uwear.me\/fr_fr\/wp-json\/wp\/v2\/product_tag?post=1678"}],"curies":[{"name":"wp","href":"https:\/\/api.w.org\/{rel}","templated":true}]}}