{"id":1768,"date":"2026-01-01T10:09:46","date_gmt":"2026-01-01T09:09:46","guid":{"rendered":"https:\/\/uwear.me\/?post_type=product&#038;p=1768"},"modified":"2026-02-02T21:58:03","modified_gmt":"2026-02-02T20:58:03","slug":"hoodie-regular","status":"publish","type":"product","link":"https:\/\/uwear.me\/fr_fr\/produit\/hoodie-regular\/","title":{"rendered":"Hoodie Regular"},"content":{"rendered":"<p>Incorporez la durabilit\u00e9 au streetwear avec ce sweat \u00e0 capuche \u00e9cologique classique unisexe en coton biologique. Le sweat \u00e0 capuche poss\u00e8de une capuche doubl\u00e9, des manches ajust\u00e9es et une poche avant.<\/p>\n<ul>\n<li>100 % coton<\/li>\n<li>Coupe droite<\/li>\n<li>Manches ajust\u00e9es<\/li>\n<li>Capuche doubl\u00e9e dans le m\u00eame tissu<\/li>\n<li>Poche avant<\/li>\n<li>C\u00f4te 1\u00d71 \u00e0 l&rsquo;ourlet des manches et \u00e0 l&rsquo;ourlet inf\u00e9rieur<\/li>\n<li>Couture sup\u00e9rieure \u00e0 point simple \u00e0 l&rsquo;encolure et le long de l&rsquo;ouverture de la capuche<\/li>\n<li>\u0152illets en m\u00e9tal<\/li>\n<li>Ruban int\u00e9rieur \u00e0 l&rsquo;arri\u00e8re de l&rsquo;encolure<\/li>\n<li>Demi-lune dans le m\u00eame tissu \u00e0 l&rsquo;arri\u00e8re de l&rsquo;encolure<\/li>\n<\/ul>\n","protected":false},"excerpt":{"rendered":"<p>Incorporez la durabilit\u00e9 au streetwear avec ce sweat \u00e0 capuche \u00e9cologique classique unisexe en coton biologique. Le sweat \u00e0 capuche poss\u00e8de une capuche doubl\u00e9, des manches ajust\u00e9es et une poche avant.<\/p>\n","protected":false},"featured_media":1807,"comment_status":"open","ping_status":"closed","template":"","meta":[],"product_brand":[],"product_cat":[23],"product_tag":[],"class_list":{"0":"post-1768","1":"product","2":"type-product","3":"status-publish","4":"has-post-thumbnail","6":"product_cat-hoodies-sweatshirts","8":"first","9":"instock","10":"sale","11":"shipping-taxable","12":"purchasable","13":"product-type-variable"},"jetpack_sharing_enabled":true,"_links":{"self":[{"href":"https:\/\/uwear.me\/fr_fr\/wp-json\/wp\/v2\/product\/1768","targetHints":{"allow":["GET"]}}],"collection":[{"href":"https:\/\/uwear.me\/fr_fr\/wp-json\/wp\/v2\/product"}],"about":[{"href":"https:\/\/uwear.me\/fr_fr\/wp-json\/wp\/v2\/types\/product"}],"replies":[{"embeddable":true,"href":"https:\/\/uwear.me\/fr_fr\/wp-json\/wp\/v2\/comments?post=1768"}],"version-history":[{"count":4,"href":"https:\/\/uwear.me\/fr_fr\/wp-json\/wp\/v2\/product\/1768\/revisions"}],"predecessor-version":[{"id":1843,"href":"https:\/\/uwear.me\/fr_fr\/wp-json\/wp\/v2\/product\/1768\/revisions\/1843"}],"wp:featuredmedia":[{"embeddable":true,"href":"https:\/\/uwear.me\/fr_fr\/wp-json\/wp\/v2\/media\/1807"}],"wp:attachment":[{"href":"https:\/\/uwear.me\/fr_fr\/wp-json\/wp\/v2\/media?parent=1768"}],"wp:term":[{"taxonomy":"product_brand","embeddable":true,"href":"https:\/\/uwear.me\/fr_fr\/wp-json\/wp\/v2\/product_brand?post=1768"},{"taxonomy":"product_cat","embeddable":true,"href":"https:\/\/uwear.me\/fr_fr\/wp-json\/wp\/v2\/product_cat?post=1768"},{"taxonomy":"product_tag","embeddable":true,"href":"https:\/\/uwear.me\/fr_fr\/wp-json\/wp\/v2\/product_tag?post=1768"}],"curies":[{"name":"wp","href":"https:\/\/api.w.org\/{rel}","templated":true}]}}