{"id":2372,"date":"2026-01-10T12:42:00","date_gmt":"2026-01-10T11:42:00","guid":{"rendered":"https:\/\/uwear.me\/?post_type=product&#038;p=2372"},"modified":"2026-04-17T14:15:23","modified_gmt":"2026-04-17T13:15:23","slug":"sac-a-dos-uwear","status":"publish","type":"product","link":"https:\/\/uwear.me\/fr_fr\/produit\/sac-a-dos-uwear\/","title":{"rendered":"Sac \u00e0 dos Uwear"},"content":{"rendered":"<p>Ce sac \u00e0 dos de taille moyenne avec impression all-over offre beaucoup de place gr\u00e2ce \u00e0 une grande poche int\u00e9rieure, une section s\u00e9par\u00e9e pouvant loger un ordinateur portable de 38,1 cm (15 \u00a0\u00bb), une poche avant et une poche dissimul\u00e9e \u00e0 l&rsquo;arri\u00e8re. Ce sac est fabriqu\u00e9 \u00e0 base d&rsquo;un mat\u00e9riau r\u00e9sistant \u00e0 l&rsquo;eau, qui peut \u00eatre enti\u00e8rement imprim\u00e9 avec les designs de votre choix.<\/p>\n<ul>\n<li>100 % polyester<\/li>\n<li>Dimensions : 34cm\u00a0 de Hauteur, 27cm\u00a0 de Longueur, 10 cm\u00a0 de Profondeur<\/li>\n<li>Capacit\u00e9 : 10 L<\/li>\n<li>Mat\u00e9riau r\u00e9sistant \u00e0 l&rsquo;eau<\/li>\n<li>Grande poche int\u00e9rieure avec poche distincte pour ordinateur portable de 14 \u00ab\u00a0, poche frontale avec fermeture-\u00e9clair et poche dissimul\u00e9e avec fermeture-\u00e9clair au dos du sac<\/li>\n<li>La fermeture-\u00e9clair sup\u00e9rieure a 2 glissi\u00e8res et des tirettes de fermeture-\u00e9clair sont fix\u00e9s \u00e0 chaque glissi\u00e8re<\/li>\n<li>Doublure soyeuse, ourlets int\u00e9rieurs passepoil\u00e9s et dos en tissu de r\u00e9sille doux<\/li>\n<li>Bretelles de sac ergonomiques matelass\u00e9es en polyester avec r\u00e9gulateurs en plastique<\/li>\n<li>Imprim\u00e9, coup\u00e9 et cousu \u00e0 la main par notre \u00e9quipe interne d&rsquo;experts<\/li>\n<\/ul>\n","protected":false},"excerpt":{"rendered":"<p>Alliez style et confort avec ce sac \u00e0 dos au design \u00e9pur\u00e9. Compact mais spacieux, il offre un grand compartiment et une poche frontale zipp\u00e9e pour vos essentiels. Disponible en bleu, gris, noir et rose, il s\u2019adapte \u00e0 toutes les occasions : \u00e9cole, travail, voyages ou sorties.<\/p>\n<p>(Personnalisable selon vos go\u00fbts , Contactez nous sur WhatsApp)<\/p>\n","protected":false},"featured_media":2373,"comment_status":"open","ping_status":"closed","template":"","meta":[],"product_brand":[],"product_cat":[21],"product_tag":[],"class_list":{"0":"post-2372","1":"product","2":"type-product","3":"status-publish","4":"has-post-thumbnail","6":"product_cat-accessoires","8":"first","9":"instock","10":"shipping-taxable","11":"purchasable","12":"product-type-variable"},"jetpack_sharing_enabled":true,"_links":{"self":[{"href":"https:\/\/uwear.me\/fr_fr\/wp-json\/wp\/v2\/product\/2372","targetHints":{"allow":["GET"]}}],"collection":[{"href":"https:\/\/uwear.me\/fr_fr\/wp-json\/wp\/v2\/product"}],"about":[{"href":"https:\/\/uwear.me\/fr_fr\/wp-json\/wp\/v2\/types\/product"}],"replies":[{"embeddable":true,"href":"https:\/\/uwear.me\/fr_fr\/wp-json\/wp\/v2\/comments?post=2372"}],"version-history":[{"count":4,"href":"https:\/\/uwear.me\/fr_fr\/wp-json\/wp\/v2\/product\/2372\/revisions"}],"predecessor-version":[{"id":2412,"href":"https:\/\/uwear.me\/fr_fr\/wp-json\/wp\/v2\/product\/2372\/revisions\/2412"}],"wp:featuredmedia":[{"embeddable":true,"href":"https:\/\/uwear.me\/fr_fr\/wp-json\/wp\/v2\/media\/2373"}],"wp:attachment":[{"href":"https:\/\/uwear.me\/fr_fr\/wp-json\/wp\/v2\/media?parent=2372"}],"wp:term":[{"taxonomy":"product_brand","embeddable":true,"href":"https:\/\/uwear.me\/fr_fr\/wp-json\/wp\/v2\/product_brand?post=2372"},{"taxonomy":"product_cat","embeddable":true,"href":"https:\/\/uwear.me\/fr_fr\/wp-json\/wp\/v2\/product_cat?post=2372"},{"taxonomy":"product_tag","embeddable":true,"href":"https:\/\/uwear.me\/fr_fr\/wp-json\/wp\/v2\/product_tag?post=2372"}],"curies":[{"name":"wp","href":"https:\/\/api.w.org\/{rel}","templated":true}]}}