{"id":29635,"date":"2026-01-11T19:15:34","date_gmt":"2026-01-11T18:15:34","guid":{"rendered":"https:\/\/uwear.me\/?post_type=product&#038;p=29635"},"modified":"2026-01-12T12:05:54","modified_gmt":"2026-01-12T11:05:54","slug":"t-shirt-regular-memories","status":"publish","type":"product","link":"https:\/\/uwear.me\/fr_fr\/produit\/t-shirt-regular-memories\/","title":{"rendered":"T-Shirt Regular Memories"},"content":{"rendered":"<p data-start=\"312\" data-end=\"521\">Ce <strong data-start=\"315\" data-end=\"342\">t-shirt personnalisable<\/strong> en 100% coton vous permet d\u2019afficher une <strong data-start=\"370\" data-end=\"398\">date qui compte vraiment<\/strong> :<br data-start=\"400\" data-end=\"403\" \/>ann\u00e9e et mois de naissance, anniversaire, rencontre marquante, r\u00e9ussite importante ou moment inoubliable de votre vie.<\/p>\n<p data-start=\"523\" data-end=\"689\">\ud83c\udf82 <strong data-start=\"526\" data-end=\"567\">Parfait pour c\u00e9l\u00e9brer un anniversaire<\/strong><br data-start=\"567\" data-end=\"570\" \/>\ud83c\udf81 <strong data-start=\"573\" data-end=\"617\">Id\u00e9al comme cadeau unique pour un proche<\/strong><br data-start=\"617\" data-end=\"620\" \/>\u2764\ufe0f <strong data-start=\"623\" data-end=\"689\">Une mani\u00e8re simple et styl\u00e9e de garder un souvenir pr\u00e8s de soi<\/strong><\/p>\n<p data-start=\"691\" data-end=\"863\">Con\u00e7u pour s\u2019adapter \u00e0 tous les styles, ce t-shirt allie <strong data-start=\"748\" data-end=\"784\">simplicit\u00e9, \u00e9motion et modernit\u00e9<\/strong>. Chaque pi\u00e8ce devient unique, car chaque date raconte une histoire diff\u00e9rente.<\/p>\n<p data-start=\"865\" data-end=\"1003\">\u2714\ufe0f Personnalisation avec mois et ann\u00e9e au choix<br data-start=\"912\" data-end=\"915\" \/>\u2714\ufe0f Style intemporel, facile \u00e0 porter au quotidien<br data-start=\"964\" data-end=\"967\" \/>\u2714\ufe0f Cadeau symbolique qui a du sens<\/p>\n","protected":false},"excerpt":{"rendered":"<p data-start=\"219\" data-end=\"310\">Certaines dates ne s\u2019oublient jamais, Un mois, une ann\u00e9e\u2026 et toute une histoire derri\u00e8re.<\/p>\n<p data-start=\"312\" data-end=\"521\">(Personnalisable selon vos go\u00fbts , Contactez nous sur WhatsApp)<\/p>\n","protected":false},"featured_media":29636,"comment_status":"open","ping_status":"closed","template":"","meta":[],"product_brand":[],"product_cat":[72,36],"product_tag":[],"class_list":{"0":"post-29635","1":"product","2":"type-product","3":"status-publish","4":"has-post-thumbnail","6":"product_cat-memories-days","7":"product_cat-t-shirts-polos","9":"first","10":"instock","11":"shipping-taxable","12":"purchasable","13":"product-type-variable"},"jetpack_sharing_enabled":true,"_links":{"self":[{"href":"https:\/\/uwear.me\/fr_fr\/wp-json\/wp\/v2\/product\/29635","targetHints":{"allow":["GET"]}}],"collection":[{"href":"https:\/\/uwear.me\/fr_fr\/wp-json\/wp\/v2\/product"}],"about":[{"href":"https:\/\/uwear.me\/fr_fr\/wp-json\/wp\/v2\/types\/product"}],"replies":[{"embeddable":true,"href":"https:\/\/uwear.me\/fr_fr\/wp-json\/wp\/v2\/comments?post=29635"}],"version-history":[{"count":2,"href":"https:\/\/uwear.me\/fr_fr\/wp-json\/wp\/v2\/product\/29635\/revisions"}],"predecessor-version":[{"id":29696,"href":"https:\/\/uwear.me\/fr_fr\/wp-json\/wp\/v2\/product\/29635\/revisions\/29696"}],"wp:featuredmedia":[{"embeddable":true,"href":"https:\/\/uwear.me\/fr_fr\/wp-json\/wp\/v2\/media\/29636"}],"wp:attachment":[{"href":"https:\/\/uwear.me\/fr_fr\/wp-json\/wp\/v2\/media?parent=29635"}],"wp:term":[{"taxonomy":"product_brand","embeddable":true,"href":"https:\/\/uwear.me\/fr_fr\/wp-json\/wp\/v2\/product_brand?post=29635"},{"taxonomy":"product_cat","embeddable":true,"href":"https:\/\/uwear.me\/fr_fr\/wp-json\/wp\/v2\/product_cat?post=29635"},{"taxonomy":"product_tag","embeddable":true,"href":"https:\/\/uwear.me\/fr_fr\/wp-json\/wp\/v2\/product_tag?post=29635"}],"curies":[{"name":"wp","href":"https:\/\/api.w.org\/{rel}","templated":true}]}}