{"id":29703,"date":"2026-01-12T11:26:05","date_gmt":"2026-01-12T10:26:05","guid":{"rendered":"https:\/\/uwear.me\/?post_type=product&#038;p=29703"},"modified":"2026-01-12T12:26:30","modified_gmt":"2026-01-12T11:26:30","slug":"t-shirt-regular-serie-movies","status":"publish","type":"product","link":"https:\/\/uwear.me\/fr_fr\/produit\/t-shirt-regular-serie-movies\/","title":{"rendered":"T-Shirt Regular S\u00e9rie &#038; Movies"},"content":{"rendered":"<p data-start=\"276\" data-end=\"485\">Avec nos <strong data-start=\"285\" data-end=\"314\">t-shirts personnalisables 100% Coton<\/strong>, affiche ta passion pour <strong data-start=\"340\" data-end=\"375\">ta s\u00e9rie TV ou ton film pr\u00e9f\u00e9r\u00e9<\/strong>. Citation mythique, date culte, r\u00e9f\u00e9rence visuelle ou design inspir\u00e9 : <strong data-start=\"447\" data-end=\"484\">on personnalise selon ton univers<\/strong>.<\/p>\n<p data-start=\"487\" data-end=\"576\">\ud83c\udfac Pour les vrais fans<br data-start=\"509\" data-end=\"512\" \/>\ud83c\udf81 Id\u00e9al \u00e0 offrir<br data-start=\"529\" data-end=\"532\" \/>\ud83d\udd25 Une pi\u00e8ce unique, cr\u00e9\u00e9e rien que pour toi<\/p>\n<p data-start=\"578\" data-end=\"729\">Que ce soit une s\u00e9rie qui t\u2019a accompagn\u00e9 pendant des ann\u00e9es ou un film qui a laiss\u00e9 une trace, transforme ce souvenir en <strong data-start=\"699\" data-end=\"728\">t-shirt styl\u00e9 et original<\/strong>.<\/p>\n","protected":false},"excerpt":{"rendered":"<p data-start=\"219\" data-end=\"310\">Que ce soit une s\u00e9rie qui t\u2019a accompagn\u00e9 pendant des ann\u00e9es ou un film qui a laiss\u00e9 une trace, transforme ce souvenir en <strong data-start=\"699\" data-end=\"728\">t-shirt styl\u00e9 et original<\/strong>.<\/p>\n<p data-start=\"312\" data-end=\"521\">(Personnalisable selon vos go\u00fbts , Contactez nous sur WhatsApp)<\/p>\n","protected":false},"featured_media":29754,"comment_status":"open","ping_status":"closed","template":"","meta":[],"product_brand":[],"product_cat":[73,36],"product_tag":[],"class_list":{"0":"post-29703","1":"product","2":"type-product","3":"status-publish","4":"has-post-thumbnail","6":"product_cat-series-movies","7":"product_cat-t-shirts-polos","9":"first","10":"instock","11":"shipping-taxable","12":"purchasable","13":"product-type-variable"},"jetpack_sharing_enabled":true,"_links":{"self":[{"href":"https:\/\/uwear.me\/fr_fr\/wp-json\/wp\/v2\/product\/29703","targetHints":{"allow":["GET"]}}],"collection":[{"href":"https:\/\/uwear.me\/fr_fr\/wp-json\/wp\/v2\/product"}],"about":[{"href":"https:\/\/uwear.me\/fr_fr\/wp-json\/wp\/v2\/types\/product"}],"replies":[{"embeddable":true,"href":"https:\/\/uwear.me\/fr_fr\/wp-json\/wp\/v2\/comments?post=29703"}],"version-history":[{"count":1,"href":"https:\/\/uwear.me\/fr_fr\/wp-json\/wp\/v2\/product\/29703\/revisions"}],"predecessor-version":[{"id":29763,"href":"https:\/\/uwear.me\/fr_fr\/wp-json\/wp\/v2\/product\/29703\/revisions\/29763"}],"wp:featuredmedia":[{"embeddable":true,"href":"https:\/\/uwear.me\/fr_fr\/wp-json\/wp\/v2\/media\/29754"}],"wp:attachment":[{"href":"https:\/\/uwear.me\/fr_fr\/wp-json\/wp\/v2\/media?parent=29703"}],"wp:term":[{"taxonomy":"product_brand","embeddable":true,"href":"https:\/\/uwear.me\/fr_fr\/wp-json\/wp\/v2\/product_brand?post=29703"},{"taxonomy":"product_cat","embeddable":true,"href":"https:\/\/uwear.me\/fr_fr\/wp-json\/wp\/v2\/product_cat?post=29703"},{"taxonomy":"product_tag","embeddable":true,"href":"https:\/\/uwear.me\/fr_fr\/wp-json\/wp\/v2\/product_tag?post=29703"}],"curies":[{"name":"wp","href":"https:\/\/api.w.org\/{rel}","templated":true}]}}