{"id":30355,"date":"2026-01-30T20:01:37","date_gmt":"2026-01-30T19:01:37","guid":{"rendered":"https:\/\/uwear.me\/?post_type=product&#038;p=30355"},"modified":"2026-01-30T20:04:29","modified_gmt":"2026-01-30T19:04:29","slug":"hoodie-enfant-captain-america","status":"publish","type":"product","link":"https:\/\/uwear.me\/fr_fr\/produit\/hoodie-enfant-captain-america\/","title":{"rendered":"Hoodie Enfant CAPTAIN AMERICA"},"content":{"rendered":"<p>Ce sweat \u00e0 capuche \u00e9cologique pour enfants est fait de coton biologique et de polyester , ce qui en fait un choix durable\u00a0 contre les lavages . avec une poche frontale, des poignets c\u00f4tel\u00e9s et une capuche doubl\u00e9e pour plus de chaleur.<\/p>\n<ul>\n<li>Int\u00e9rieur : 80 % coton , 20 % polyester<\/li>\n<li>Ext\u00e9rieur : 100 % coton biologique<\/li>\n<li>Manches raglan<\/li>\n<li>Ourlet et poignets c\u00f4tel\u00e9s 2\u00d72<\/li>\n<li>Renfort assorti au cou (int\u00e9rieur, dos)<\/li>\n<li>Poche frontale<\/li>\n<\/ul>\n","protected":false},"excerpt":{"rendered":"<ul>\n<li>Int\u00e9rieur : 80 % coton , 20 % polyester<\/li>\n<li>Ext\u00e9rieur : 100 % coton biologique<\/li>\n<li>Manches raglan<\/li>\n<li>Ourlet et poignets c\u00f4tel\u00e9s 2\u00d72<\/li>\n<li>Renfort assorti au cou (int\u00e9rieur, dos)<\/li>\n<li>Poche frontale<\/li>\n<\/ul>\n","protected":false},"featured_media":30362,"comment_status":"open","ping_status":"closed","template":"","meta":[],"product_brand":[],"product_cat":[34],"product_tag":[],"class_list":{"0":"post-30355","1":"product","2":"type-product","3":"status-publish","4":"has-post-thumbnail","6":"product_cat-enfants","7":"pa_age-61","8":"pa_age-62","9":"pa_age-63","10":"pa_age-59","11":"pa_age-60","13":"first","14":"instock","15":"shipping-taxable","16":"purchasable","17":"product-type-variable"},"jetpack_sharing_enabled":true,"_links":{"self":[{"href":"https:\/\/uwear.me\/fr_fr\/wp-json\/wp\/v2\/product\/30355","targetHints":{"allow":["GET"]}}],"collection":[{"href":"https:\/\/uwear.me\/fr_fr\/wp-json\/wp\/v2\/product"}],"about":[{"href":"https:\/\/uwear.me\/fr_fr\/wp-json\/wp\/v2\/types\/product"}],"replies":[{"embeddable":true,"href":"https:\/\/uwear.me\/fr_fr\/wp-json\/wp\/v2\/comments?post=30355"}],"version-history":[{"count":1,"href":"https:\/\/uwear.me\/fr_fr\/wp-json\/wp\/v2\/product\/30355\/revisions"}],"predecessor-version":[{"id":30365,"href":"https:\/\/uwear.me\/fr_fr\/wp-json\/wp\/v2\/product\/30355\/revisions\/30365"}],"wp:featuredmedia":[{"embeddable":true,"href":"https:\/\/uwear.me\/fr_fr\/wp-json\/wp\/v2\/media\/30362"}],"wp:attachment":[{"href":"https:\/\/uwear.me\/fr_fr\/wp-json\/wp\/v2\/media?parent=30355"}],"wp:term":[{"taxonomy":"product_brand","embeddable":true,"href":"https:\/\/uwear.me\/fr_fr\/wp-json\/wp\/v2\/product_brand?post=30355"},{"taxonomy":"product_cat","embeddable":true,"href":"https:\/\/uwear.me\/fr_fr\/wp-json\/wp\/v2\/product_cat?post=30355"},{"taxonomy":"product_tag","embeddable":true,"href":"https:\/\/uwear.me\/fr_fr\/wp-json\/wp\/v2\/product_tag?post=30355"}],"curies":[{"name":"wp","href":"https:\/\/api.w.org\/{rel}","templated":true}]}}