{"id":30462,"date":"2026-02-07T18:18:37","date_gmt":"2026-02-07T17:18:37","guid":{"rendered":"https:\/\/uwear.me\/?post_type=product&#038;p=30462"},"modified":"2026-02-07T19:20:26","modified_gmt":"2026-02-07T18:20:26","slug":"pantalon-openleg-regular-copie","status":"publish","type":"product","link":"https:\/\/uwear.me\/fr_fr\/produit\/pantalon-openleg-regular-copie\/","title":{"rendered":"Baggy Jogger OverSized"},"content":{"rendered":"<p>Pantalon de Baggy Jogger\u00a0 d\u00e9contract\u00e9 pour hommes et femmes | Coupe OverSized , cordon de serrage, id\u00e9al pour le streetwear et les activit\u00e9s de plein air, pantalon chaud doubl\u00e9 en polaire automne-hiver<\/p>\n","protected":false},"excerpt":{"rendered":"<p>D\u00e9couvrez le pantalon baggy qui va r\u00e9volutionner votre style ! Fabriqu\u00e9 en 100% coton, ce must-have allie confort ultime et allure streetwear. Adoptez-le pour une touche de modernit\u00e9 et tendance !<\/p>\n","protected":false},"featured_media":30482,"comment_status":"open","ping_status":"closed","template":"","meta":[],"product_brand":[],"product_cat":[35],"product_tag":[],"class_list":{"0":"post-30462","1":"product","2":"type-product","3":"status-publish","4":"has-post-thumbnail","6":"product_cat-pantalons-shorts","8":"first","9":"instock","10":"featured","11":"shipping-taxable","12":"purchasable","13":"product-type-variable"},"jetpack_sharing_enabled":true,"_links":{"self":[{"href":"https:\/\/uwear.me\/fr_fr\/wp-json\/wp\/v2\/product\/30462","targetHints":{"allow":["GET"]}}],"collection":[{"href":"https:\/\/uwear.me\/fr_fr\/wp-json\/wp\/v2\/product"}],"about":[{"href":"https:\/\/uwear.me\/fr_fr\/wp-json\/wp\/v2\/types\/product"}],"replies":[{"embeddable":true,"href":"https:\/\/uwear.me\/fr_fr\/wp-json\/wp\/v2\/comments?post=30462"}],"version-history":[{"count":3,"href":"https:\/\/uwear.me\/fr_fr\/wp-json\/wp\/v2\/product\/30462\/revisions"}],"predecessor-version":[{"id":30507,"href":"https:\/\/uwear.me\/fr_fr\/wp-json\/wp\/v2\/product\/30462\/revisions\/30507"}],"wp:featuredmedia":[{"embeddable":true,"href":"https:\/\/uwear.me\/fr_fr\/wp-json\/wp\/v2\/media\/30482"}],"wp:attachment":[{"href":"https:\/\/uwear.me\/fr_fr\/wp-json\/wp\/v2\/media?parent=30462"}],"wp:term":[{"taxonomy":"product_brand","embeddable":true,"href":"https:\/\/uwear.me\/fr_fr\/wp-json\/wp\/v2\/product_brand?post=30462"},{"taxonomy":"product_cat","embeddable":true,"href":"https:\/\/uwear.me\/fr_fr\/wp-json\/wp\/v2\/product_cat?post=30462"},{"taxonomy":"product_tag","embeddable":true,"href":"https:\/\/uwear.me\/fr_fr\/wp-json\/wp\/v2\/product_tag?post=30462"}],"curies":[{"name":"wp","href":"https:\/\/api.w.org\/{rel}","templated":true}]}}