{"id":30510,"date":"2026-02-07T20:31:52","date_gmt":"2026-02-07T19:31:52","guid":{"rendered":"https:\/\/uwear.me\/?post_type=product&#038;p=30510"},"modified":"2026-02-07T20:57:38","modified_gmt":"2026-02-07T19:57:38","slug":"sweatshirt-green-chic","status":"publish","type":"product","link":"https:\/\/uwear.me\/fr_fr\/produit\/sweatshirt-green-chic\/","title":{"rendered":"Sweatshirt Green Chic"},"content":{"rendered":"<p data-start=\"153\" data-end=\"464\">Minimal, \u00e9l\u00e9gant et ultra confortable \u2014 ce sweat vert fonc\u00e9 est pens\u00e9 pour celles qui veulent allier <strong data-start=\"254\" data-end=\"270\">style urbain<\/strong> et <strong data-start=\"274\" data-end=\"298\">confort au quotidien<\/strong>.<br data-start=\"299\" data-end=\"302\" \/>Sa coupe d\u00e9contract\u00e9e, ses \u00e9paules l\u00e9g\u00e8rement tombantes et son tissu doux en font une pi\u00e8ce facile \u00e0 porter, seule ou en superposition, quelle que soit la saison.<\/p>\n<p data-start=\"466\" data-end=\"704\">Con\u00e7u avec un m\u00e9lange de <strong data-start=\"491\" data-end=\"504\">80% coton<\/strong> et <strong data-start=\"508\" data-end=\"533\">20% polyester recycl\u00e9<\/strong>, il offre une sensation agr\u00e9able sur la peau tout en restant durable et r\u00e9sistant.<br data-start=\"616\" data-end=\"619\" \/>Un essentiel moderne qui s\u2019adapte \u00e0 tous les looks : casual, streetwear ou lifestyle.<\/p>\n<p>&nbsp;<\/p>\n","protected":false},"excerpt":{"rendered":"<p>Pens\u00e9 pour les femmes qui aiment le style sans compromis, ce sweat vert fonc\u00e9 allie <strong data-start=\"261\" data-end=\"283\">\u00e9l\u00e9gance naturelle<\/strong> et <strong data-start=\"287\" data-end=\"305\">confort absolu<\/strong>.<br data-start=\"306\" data-end=\"309\" \/>Sa coupe d\u00e9contract\u00e9e met en valeur la silhouette tout en offrant une libert\u00e9 de mouvement id\u00e9ale pour le quotidien.<\/p>\n","protected":false},"featured_media":30521,"comment_status":"open","ping_status":"closed","template":"","meta":[],"product_brand":[],"product_cat":[76,23],"product_tag":[],"class_list":{"0":"post-30510","1":"product","2":"type-product","3":"status-publish","4":"has-post-thumbnail","6":"product_cat-brand","7":"product_cat-hoodies-sweatshirts","9":"first","10":"instock","11":"featured","12":"shipping-taxable","13":"purchasable","14":"product-type-variable"},"jetpack_sharing_enabled":true,"_links":{"self":[{"href":"https:\/\/uwear.me\/fr_fr\/wp-json\/wp\/v2\/product\/30510","targetHints":{"allow":["GET"]}}],"collection":[{"href":"https:\/\/uwear.me\/fr_fr\/wp-json\/wp\/v2\/product"}],"about":[{"href":"https:\/\/uwear.me\/fr_fr\/wp-json\/wp\/v2\/types\/product"}],"replies":[{"embeddable":true,"href":"https:\/\/uwear.me\/fr_fr\/wp-json\/wp\/v2\/comments?post=30510"}],"version-history":[{"count":1,"href":"https:\/\/uwear.me\/fr_fr\/wp-json\/wp\/v2\/product\/30510\/revisions"}],"predecessor-version":[{"id":30534,"href":"https:\/\/uwear.me\/fr_fr\/wp-json\/wp\/v2\/product\/30510\/revisions\/30534"}],"wp:featuredmedia":[{"embeddable":true,"href":"https:\/\/uwear.me\/fr_fr\/wp-json\/wp\/v2\/media\/30521"}],"wp:attachment":[{"href":"https:\/\/uwear.me\/fr_fr\/wp-json\/wp\/v2\/media?parent=30510"}],"wp:term":[{"taxonomy":"product_brand","embeddable":true,"href":"https:\/\/uwear.me\/fr_fr\/wp-json\/wp\/v2\/product_brand?post=30510"},{"taxonomy":"product_cat","embeddable":true,"href":"https:\/\/uwear.me\/fr_fr\/wp-json\/wp\/v2\/product_cat?post=30510"},{"taxonomy":"product_tag","embeddable":true,"href":"https:\/\/uwear.me\/fr_fr\/wp-json\/wp\/v2\/product_tag?post=30510"}],"curies":[{"name":"wp","href":"https:\/\/api.w.org\/{rel}","templated":true}]}}