{"id":98,"date":"2025-03-21T14:16:02","date_gmt":"2025-03-21T14:16:02","guid":{"rendered":"https:\/\/dummy.xtemos.com\/woodmart2\/t-shirts-elementor\/?post_type=product&#038;p=98"},"modified":"2026-02-22T14:27:44","modified_gmt":"2026-02-22T13:27:44","slug":"hoodieoversize","status":"publish","type":"product","link":"https:\/\/uwear.me\/fr_fr\/produit\/hoodieoversize\/","title":{"rendered":"Hoodie Oversize"},"content":{"rendered":"<p>&nbsp;<\/p>\n<p>Ce sweat coche toutes les cases : une polaire \u00e9paisse et douce, une coupe large et un look \u00e9pur\u00e9 qui convient \u00e0 toutes. C&rsquo;est le genre de confort que les gens recherchent chaque jour, que ce soit pour sortir ou pour se d\u00e9tendre. Parfait pour les impressions audacieuses ou les broderies subtiles, avec une texture riche, de la capuche \u00e0 la poche.<\/p>\n<p>\u2022 Coupe oversize<br \/>\n\u2022 Marque blanche<br \/>\n\u2022 Confection en 100 % coton gratt\u00e9, doux au toucher<br \/>\n\u2022 Tissu confortable et r\u00e9sistant<br \/>\n\u2022 Adapt\u00e9 \u00e0 un usage quotidien<\/p>\n","protected":false},"excerpt":{"rendered":"<p>Ce sweat coche toutes les cases : une polaire \u00e9paisse et douce, une coupe large et un look \u00e9pur\u00e9 qui convient \u00e0 tous.<\/p>\n","protected":false},"featured_media":30709,"comment_status":"open","ping_status":"closed","template":"","meta":[],"product_brand":[],"product_cat":[23],"product_tag":[],"class_list":{"0":"post-98","1":"product","2":"type-product","3":"status-publish","4":"has-post-thumbnail","6":"product_cat-hoodies-sweatshirts","8":"first","9":"instock","10":"shipping-taxable","11":"purchasable","12":"product-type-variable"},"jetpack_sharing_enabled":true,"_links":{"self":[{"href":"https:\/\/uwear.me\/fr_fr\/wp-json\/wp\/v2\/product\/98","targetHints":{"allow":["GET"]}}],"collection":[{"href":"https:\/\/uwear.me\/fr_fr\/wp-json\/wp\/v2\/product"}],"about":[{"href":"https:\/\/uwear.me\/fr_fr\/wp-json\/wp\/v2\/types\/product"}],"replies":[{"embeddable":true,"href":"https:\/\/uwear.me\/fr_fr\/wp-json\/wp\/v2\/comments?post=98"}],"version-history":[{"count":4,"href":"https:\/\/uwear.me\/fr_fr\/wp-json\/wp\/v2\/product\/98\/revisions"}],"predecessor-version":[{"id":2012,"href":"https:\/\/uwear.me\/fr_fr\/wp-json\/wp\/v2\/product\/98\/revisions\/2012"}],"wp:featuredmedia":[{"embeddable":true,"href":"https:\/\/uwear.me\/fr_fr\/wp-json\/wp\/v2\/media\/30709"}],"wp:attachment":[{"href":"https:\/\/uwear.me\/fr_fr\/wp-json\/wp\/v2\/media?parent=98"}],"wp:term":[{"taxonomy":"product_brand","embeddable":true,"href":"https:\/\/uwear.me\/fr_fr\/wp-json\/wp\/v2\/product_brand?post=98"},{"taxonomy":"product_cat","embeddable":true,"href":"https:\/\/uwear.me\/fr_fr\/wp-json\/wp\/v2\/product_cat?post=98"},{"taxonomy":"product_tag","embeddable":true,"href":"https:\/\/uwear.me\/fr_fr\/wp-json\/wp\/v2\/product_tag?post=98"}],"curies":[{"name":"wp","href":"https:\/\/api.w.org\/{rel}","templated":true}]}}